{"id":61,"date":"2025-04-24T09:00:47","date_gmt":"2025-04-24T07:00:47","guid":{"rendered":"https:\/\/automatikcenter.se\/?page_id=61"},"modified":"2026-02-09T14:07:49","modified_gmt":"2026-02-09T13:07:49","slug":"hem","status":"publish","type":"page","link":"https:\/\/dev.automatikcenter.se\/","title":{"rendered":"Hem"},"content":{"rendered":"\t\t<div data-elementor-type=\"wp-page\" data-elementor-id=\"61\" class=\"elementor elementor-61\" data-elementor-post-type=\"page\">\n\t\t\t\t<div class=\"elementor-element elementor-element-808f36f e-flex e-con-boxed e-con e-parent\" data-id=\"808f36f\" data-element_type=\"container\" data-e-type=\"container\" data-settings=\"{&quot;background_background&quot;:&quot;classic&quot;}\">\n\t\t\t\t\t<div class=\"e-con-inner\">\n\t\t\t\t<div class=\"elementor-element elementor-element-fe71e9d elementor-invisible elementor-widget elementor-widget-text-editor\" data-id=\"fe71e9d\" data-element_type=\"widget\" data-e-type=\"widget\" data-settings=\"{&quot;_animation&quot;:&quot;zoomIn&quot;}\" data-widget_type=\"text-editor.default\">\n\t\t\t\t<div class=\"elementor-widget-container\">\n\t\t\t\t\t\t\t\t\t<p><strong>Automatikcenter i Malm\u00f6 AB erbjuder montage och tillverkning av kapslad elektromekanisk kopplingsutrustning och automationsh\u00e5rdvara.<\/strong><\/p>\t\t\t\t\t\t\t\t<\/div>\n\t\t\t\t<\/div>\n\t\t\t\t\t<\/div>\n\t\t\t\t<\/div>\n\t\t<div class=\"elementor-element elementor-element-8450b62 e-flex e-con-boxed e-con e-parent\" data-id=\"8450b62\" data-element_type=\"container\" data-e-type=\"container\" data-settings=\"{&quot;animation&quot;:&quot;none&quot;,&quot;background_background&quot;:&quot;classic&quot;}\">\n\t\t\t\t\t<div class=\"e-con-inner\">\n\t\t\t\t<div class=\"elementor-element elementor-element-064e8c9 elementor-widget elementor-widget-text-editor\" data-id=\"064e8c9\" data-element_type=\"widget\" data-e-type=\"widget\" data-widget_type=\"text-editor.default\">\n\t\t\t\t<div class=\"elementor-widget-container\">\n\t\t\t\t\t\t\t\t\t<h4>V\u00e5ren 2014 startades Automatikcenter i Malm\u00f6 AB av Christian Olsson, Jan-Eric Magnusson och Mats Timglas. Tiden g\u00e5r och Automatikcenter v\u00e4xer med den, vi blickar fram\u00e5t samtidigt som vi st\u00e5r med stadiga f\u00f6tter i nutiden. Vi \u00e4r totalt 12 anst\u00e4llda och oms\u00e4tter runt 18 Mkr. Vi har v\u00e5rt kontor och v\u00e5r produktion i Malm\u00f6.<\/h4>\t\t\t\t\t\t\t\t<\/div>\n\t\t\t\t<\/div>\n\t\t\t\t\t<\/div>\n\t\t\t\t<\/div>\n\t\t<div class=\"elementor-element elementor-element-931704d e-flex e-con-boxed e-con e-parent\" data-id=\"931704d\" data-element_type=\"container\" data-e-type=\"container\">\n\t\t\t\t\t<div class=\"e-con-inner\">\n\t\t\t\t<div class=\"elementor-element elementor-element-81dcc5b elementor-widget elementor-widget-menu-anchor\" data-id=\"81dcc5b\" data-element_type=\"widget\" data-e-type=\"widget\" data-widget_type=\"menu-anchor.default\">\n\t\t\t\t<div class=\"elementor-widget-container\">\n\t\t\t\t\t\t\t<div class=\"elementor-menu-anchor\" id=\"om\"><\/div>\n\t\t\t\t\t\t<\/div>\n\t\t\t\t<\/div>\n\t\t\t\t\t<\/div>\n\t\t\t\t<\/div>\n\t\t<div class=\"elementor-element elementor-element-dd58d7e e-flex e-con-boxed e-con e-parent\" data-id=\"dd58d7e\" data-element_type=\"container\" data-e-type=\"container\" data-settings=\"{&quot;background_background&quot;:&quot;classic&quot;}\">\n\t\t\t\t\t<div class=\"e-con-inner\">\n\t\t<div class=\"elementor-element elementor-element-04c0ea3 e-con-full e-flex e-con e-child\" data-id=\"04c0ea3\" data-element_type=\"container\" data-e-type=\"container\">\n\t\t\t\t<div class=\"elementor-element elementor-element-05672d7 elementor-widget elementor-widget-text-editor\" data-id=\"05672d7\" data-element_type=\"widget\" data-e-type=\"widget\" data-widget_type=\"text-editor.default\">\n\t\t\t\t<div class=\"elementor-widget-container\">\n\t\t\t\t\t\t\t\t\t<h3>Vi \u00e4r det personliga och flexibla f\u00f6retaget d\u00e4r n\u00e4rheten till kunden prioriteras. Automatikcenter i Malm\u00f6 AB verkar tillsammans med partners i projekt med leveranser i regionen, landet och globalt.<\/h3><p>Automatikcenter i Malm\u00f6 AB ska k\u00e4nnetecknas av att ge alla projekt och kunder extra uppm\u00e4rksamhet och omsorg, vilket medf\u00f6r att projekten \u00f6verstiger uppdragsgivarens f\u00f6rv\u00e4ntningar p\u00e5 praktiska och funktionsdugliga l\u00f6sningar.<\/p><p>Vi efterstr\u00e4var att alltid vara s\u00e5 effektiva som m\u00f6jligt; ekonomiskt, tidsm\u00e4ssigt och kvalitetsm\u00e4ssigt. V\u00e5r strategi \u00e4r att med h\u00f6g kompetens och erfarenhet i ett tidigt l\u00e4ge i projekten guida kunden mot slutprodukten.<\/p><p>V\u00e5ra kunder \u00e4r elinstallat\u00f6rer, styr- och reglerentrepren\u00f6rer, ingenj\u00f6rsfirmor\/konsulter, processindustrin, maskinbyggare mm. V\u00e5ra sk\u00e5p anv\u00e4nds inom branscher som fastighetsautomation, vattenbehandling, livsmedel, l\u00e4kemedel, materialbearbetning och materialhantering.<\/p>\t\t\t\t\t\t\t\t<\/div>\n\t\t\t\t<\/div>\n\t\t\t\t<\/div>\n\t\t<div class=\"elementor-element elementor-element-3953830 e-con-full e-flex e-con e-child\" data-id=\"3953830\" data-element_type=\"container\" data-e-type=\"container\">\n\t\t\t\t<div class=\"elementor-element elementor-element-f0c85aa elementor-widget elementor-widget-image\" data-id=\"f0c85aa\" data-element_type=\"widget\" data-e-type=\"widget\" data-widget_type=\"image.default\">\n\t\t\t\t<div class=\"elementor-widget-container\">\n\t\t\t\t\t\t\t\t\t\t\t\t\t\t\t<img fetchpriority=\"high\" decoding=\"async\" width=\"800\" height=\"800\" src=\"https:\/\/dev.automatikcenter.se\/wp-content\/uploads\/2025\/04\/image.png\" class=\"attachment-large size-large wp-image-142\" alt=\"\" srcset=\"https:\/\/dev.automatikcenter.se\/wp-content\/uploads\/2025\/04\/image.png 1024w, https:\/\/dev.automatikcenter.se\/wp-content\/uploads\/2025\/04\/image-300x300.png 300w, https:\/\/dev.automatikcenter.se\/wp-content\/uploads\/2025\/04\/image-150x150.png 150w, https:\/\/dev.automatikcenter.se\/wp-content\/uploads\/2025\/04\/image-768x768.png 768w\" sizes=\"(max-width: 800px) 100vw, 800px\" \/>\t\t\t\t\t\t\t\t\t\t\t\t\t\t\t<\/div>\n\t\t\t\t<\/div>\n\t\t\t\t<\/div>\n\t\t\t\t\t<\/div>\n\t\t\t\t<\/div>\n\t\t<div class=\"elementor-element elementor-element-9a34d24 e-flex e-con-boxed e-con e-parent\" data-id=\"9a34d24\" data-element_type=\"container\" data-e-type=\"container\">\n\t\t\t\t\t<div class=\"e-con-inner\">\n\t\t\t\t<div class=\"elementor-element elementor-element-bb3ed68 elementor-widget elementor-widget-menu-anchor\" data-id=\"bb3ed68\" data-element_type=\"widget\" data-e-type=\"widget\" data-widget_type=\"menu-anchor.default\">\n\t\t\t\t<div class=\"elementor-widget-container\">\n\t\t\t\t\t\t\t<div class=\"elementor-menu-anchor\" id=\"kontakt\"><\/div>\n\t\t\t\t\t\t<\/div>\n\t\t\t\t<\/div>\n\t\t\t\t\t<\/div>\n\t\t\t\t<\/div>\n\t\t<div class=\"elementor-element elementor-element-61c5ac6 e-flex e-con-boxed e-con e-parent\" data-id=\"61c5ac6\" data-element_type=\"container\" data-e-type=\"container\" data-settings=\"{&quot;background_background&quot;:&quot;classic&quot;}\">\n\t\t\t\t\t<div class=\"e-con-inner\">\n\t\t<div class=\"elementor-element elementor-element-b86ac78 e-con-full e-flex e-con e-child\" data-id=\"b86ac78\" data-element_type=\"container\" data-e-type=\"container\">\n\t\t\t\t<div class=\"elementor-element elementor-element-07cf962 elementor-widget elementor-widget-text-editor\" data-id=\"07cf962\" data-element_type=\"widget\" data-e-type=\"widget\" data-widget_type=\"text-editor.default\">\n\t\t\t\t<div class=\"elementor-widget-container\">\n\t\t\t\t\t\t\t\t\t<h2>Kontakt<\/h2><p><strong>Allm\u00e4nna fr\u00e5gor:<\/strong> info@automatikcenter.se<\/p><p><strong>Christian Olsson<br \/><\/strong>Projektledare\/del\u00e4gare<strong><br \/><\/strong><a href=\"mailto:christian.olsson@automatikcenter.se\">christian.olsson@automatikcenter.se<\/a><br \/><span style=\"font-size: 1rem; text-align: var(--text-align);\">Telefon: 073-369 40 41<\/span><\/p><p><strong>Janne Magnusson<br \/><\/strong>Projektledare\/del\u00e4gare<br \/><a href=\"mailto:janne.magnusson@automatikcenter.se\">janne.magnusson@automatikcenter.se<\/a><br \/>Telefon: 073-369 40 43<\/p><p><strong>Patrik Nilsson<br \/><\/strong>Projektledare<br \/><a href=\"mailto:patrik.nilsson@automatikcenter.se\">patrik.nilsson@automatikcenter.se<\/a><br \/>Telefon: 073-369 40 42<\/p><p><strong>Fabian Sj\u00f6stedt<\/strong><br \/>Projektledare<br \/><a href=\"mailto:fabian.sjostedt@automatikcenter.se\">fabian.sjostedt@automatikcenter.se<\/a><br \/>Telefon: 073-369 40 45<\/p><p><strong>Nouraldin Almansour<\/strong><br \/>Konstrukt\u00f6r<br \/><a href=\"mailto:nouraldin.almansour@automatikcenter.se\">nouraldin.almansour@automatikcenter.se<\/a><br \/>Telefon: 073-369 40 44<\/p>\t\t\t\t\t\t\t\t<\/div>\n\t\t\t\t<\/div>\n\t\t\t\t<\/div>\n\t\t<div class=\"elementor-element elementor-element-1bbdbf3 e-con-full e-flex e-con e-child\" data-id=\"1bbdbf3\" data-element_type=\"container\" data-e-type=\"container\">\n\t\t\t\t<div class=\"elementor-element elementor-element-1635b90 elementor-widget elementor-widget-html\" data-id=\"1635b90\" data-element_type=\"widget\" data-e-type=\"widget\" data-widget_type=\"html.default\">\n\t\t\t\t<div class=\"elementor-widget-container\">\n\t\t\t\t\t<iframe src=\"https:\/\/www.google.com\/maps\/embed?pb=!1m18!1m12!1m3!1d1618.9007249871534!2d13.041693537824635!3d55.601278824395976!2m3!1f0!2f0!3f0!3m2!1i1024!2i768!4f13.1!3m3!1m2!1s0x4653a3d6e526d32d%3A0xcec4eba0a35aefe4!2sSingelgatan%2012%2C%20212%2028%20Malm%C3%B6!5e0!3m2!1ssv!2sse!4v1745831974851!5m2!1ssv!2sse\" width=\"600\" height=\"650\" style=\"border:0;\" allowfullscreen=\"\" loading=\"lazy\" referrerpolicy=\"no-referrer-when-downgrade\"><\/iframe>\t\t\t\t<\/div>\n\t\t\t\t<\/div>\n\t\t\t\t<\/div>\n\t\t\t\t\t<\/div>\n\t\t\t\t<\/div>\n\t\t\t\t<\/div>\n\t\t","protected":false},"excerpt":{"rendered":"<p>Automatikcenter i Malm\u00f6 AB erbjuder montage och tillverkning av kapslad elektromekanisk kopplingsutrustning och automationsh\u00e5rdvara. V\u00e5ren 2014 startades Automatikcenter i Malm\u00f6 AB av Christian Olsson, Jan-Eric Magnusson och Mats Timglas. Tiden g\u00e5r och Automatikcenter v\u00e4xer med den, vi blickar fram\u00e5t samtidigt som vi st\u00e5r med stadiga f\u00f6tter i nutiden. Vi \u00e4r totalt 12 anst\u00e4llda och oms\u00e4tter [&hellip;]<\/p>\n","protected":false},"author":1,"featured_media":0,"parent":0,"menu_order":0,"comment_status":"closed","ping_status":"closed","template":"","meta":{"footnotes":""},"class_list":["post-61","page","type-page","status-publish","hentry"],"_links":{"self":[{"href":"https:\/\/dev.automatikcenter.se\/index.php?rest_route=\/wp\/v2\/pages\/61","targetHints":{"allow":["GET"]}}],"collection":[{"href":"https:\/\/dev.automatikcenter.se\/index.php?rest_route=\/wp\/v2\/pages"}],"about":[{"href":"https:\/\/dev.automatikcenter.se\/index.php?rest_route=\/wp\/v2\/types\/page"}],"author":[{"embeddable":true,"href":"https:\/\/dev.automatikcenter.se\/index.php?rest_route=\/wp\/v2\/users\/1"}],"replies":[{"embeddable":true,"href":"https:\/\/dev.automatikcenter.se\/index.php?rest_route=%2Fwp%2Fv2%2Fcomments&post=61"}],"version-history":[{"count":175,"href":"https:\/\/dev.automatikcenter.se\/index.php?rest_route=\/wp\/v2\/pages\/61\/revisions"}],"predecessor-version":[{"id":276,"href":"https:\/\/dev.automatikcenter.se\/index.php?rest_route=\/wp\/v2\/pages\/61\/revisions\/276"}],"wp:attachment":[{"href":"https:\/\/dev.automatikcenter.se\/index.php?rest_route=%2Fwp%2Fv2%2Fmedia&parent=61"}],"curies":[{"name":"wp","href":"https:\/\/api.w.org\/{rel}","templated":true}]}}